{"id":201,"date":"2024-07-25T02:15:10","date_gmt":"2024-07-25T02:15:10","guid":{"rendered":"https:\/\/agileteacherlab.org\/?page_id=201"},"modified":"2024-12-14T04:15:29","modified_gmt":"2024-12-14T04:15:29","slug":"differentiated-instruction","status":"publish","type":"page","link":"https:\/\/agileteacherlab.org\/index.php\/in-practice\/differentiated-instruction\/","title":{"rendered":"Differentiated Instruction"},"content":{"rendered":"\n<p>Differentiated Instruction is the outcome of teachers&#8217; continuous decision-making process. Where teachers search for academic diversity that will either strengthen or impede effective, meaningful, and efficient learning, and then adjust instruction to ensure clarity, access, rigor, and relevance (CARR) for all learners.<br><br>Our approach to differentiated instruction is rooted in motivation and cognitive sciences and culturally relevant pedagogies.<\/p>\n\n\n\n<figure class=\"wp-block-image aligncenter size-full is-resized\"><img loading=\"lazy\" decoding=\"async\" width=\"9072\" height=\"9072\" src=\"https:\/\/agileteacherlab.org\/wp-content\/uploads\/2024\/08\/Differentiated-Instruction-Chart-2.png\" alt=\"\" class=\"wp-image-1828\" style=\"width:610px;height:auto\" srcset=\"https:\/\/agileteacherlab.org\/wp-content\/uploads\/2024\/08\/Differentiated-Instruction-Chart-2.png 9072w, https:\/\/agileteacherlab.org\/wp-content\/uploads\/2024\/08\/Differentiated-Instruction-Chart-2-300x300.png 300w, https:\/\/agileteacherlab.org\/wp-content\/uploads\/2024\/08\/Differentiated-Instruction-Chart-2-1024x1024.png 1024w, https:\/\/agileteacherlab.org\/wp-content\/uploads\/2024\/08\/Differentiated-Instruction-Chart-2-150x150.png 150w, https:\/\/agileteacherlab.org\/wp-content\/uploads\/2024\/08\/Differentiated-Instruction-Chart-2-768x768.png 768w, https:\/\/agileteacherlab.org\/wp-content\/uploads\/2024\/08\/Differentiated-Instruction-Chart-2-1536x1536.png 1536w, https:\/\/agileteacherlab.org\/wp-content\/uploads\/2024\/08\/Differentiated-Instruction-Chart-2-2048x2048.png 2048w\" sizes=\"auto, (max-width: 9072px) 100vw, 9072px\" \/><\/figure>\n\n\n\n<p>Stop creating easy, medium, and hard assignments or thinking of differentiated instruction as cooperative groups or graphic organizers. Instead start with student work or responses and identify a specific aspect of learning that you would like to change through teaching for all, some, or individual students. Then plan to adjust teaching by changing the task structure, the type of help and teaching approach, and\/or the amount of student choice. Plan to adjust teaching for a specific amount of time and what you will do if the change in learning is or is not demonstrated in student work following the teaching.<\/p>\n\n\n\n<p>Use the following sentence frame to plan differentiated instruction:<\/p>\n\n\n\n<div style=\"height:56px\" aria-hidden=\"true\" class=\"wp-block-spacer\"><\/div>\n\n\n\n<figure class=\"wp-block-image aligncenter size-full is-resized\"><img loading=\"lazy\" decoding=\"async\" width=\"7089\" height=\"2717\" src=\"https:\/\/agileteacherlab.org\/wp-content\/uploads\/2024\/09\/Preparation-Sentence-Graphic.png\" alt=\"\" class=\"wp-image-1981\" style=\"width:918px;height:auto\" srcset=\"https:\/\/agileteacherlab.org\/wp-content\/uploads\/2024\/09\/Preparation-Sentence-Graphic.png 7089w, https:\/\/agileteacherlab.org\/wp-content\/uploads\/2024\/09\/Preparation-Sentence-Graphic-300x115.png 300w, https:\/\/agileteacherlab.org\/wp-content\/uploads\/2024\/09\/Preparation-Sentence-Graphic-1024x392.png 1024w, https:\/\/agileteacherlab.org\/wp-content\/uploads\/2024\/09\/Preparation-Sentence-Graphic-768x294.png 768w, https:\/\/agileteacherlab.org\/wp-content\/uploads\/2024\/09\/Preparation-Sentence-Graphic-1536x589.png 1536w, https:\/\/agileteacherlab.org\/wp-content\/uploads\/2024\/09\/Preparation-Sentence-Graphic-2048x785.png 2048w\" sizes=\"auto, (max-width: 7089px) 100vw, 7089px\" \/><\/figure>\n\n\n\n<div style=\"height:55px\" aria-hidden=\"true\" class=\"wp-block-spacer\"><\/div>\n\n\n\n<figure class=\"wp-block-image size-full is-resized\"><img loading=\"lazy\" decoding=\"async\" width=\"1333\" height=\"198\" src=\"https:\/\/agileteacherlab.org\/wp-content\/uploads\/2024\/08\/Video-Gallery_.png\" alt=\"\" class=\"wp-image-1488\" style=\"width:auto;height:30px\" srcset=\"https:\/\/agileteacherlab.org\/wp-content\/uploads\/2024\/08\/Video-Gallery_.png 1333w, https:\/\/agileteacherlab.org\/wp-content\/uploads\/2024\/08\/Video-Gallery_-300x45.png 300w, https:\/\/agileteacherlab.org\/wp-content\/uploads\/2024\/08\/Video-Gallery_-1024x152.png 1024w, https:\/\/agileteacherlab.org\/wp-content\/uploads\/2024\/08\/Video-Gallery_-768x114.png 768w\" sizes=\"auto, (max-width: 1333px) 100vw, 1333px\" \/><\/figure>\n\n\n\n<div class=\"wp-block-columns is-layout-flex wp-container-core-columns-is-layout-28f84493 wp-block-columns-is-layout-flex\">\n<div class=\"wp-block-column is-layout-flow wp-block-column-is-layout-flow\">\n<figure class=\"wp-block-embed is-type-video is-provider-youtube wp-block-embed-youtube wp-embed-aspect-16-9 wp-has-aspect-ratio\"><div class=\"wp-block-embed__wrapper\">\n<iframe loading=\"lazy\" title=\"Defining Key Terms - Differentiated Instruction\" width=\"500\" height=\"281\" src=\"https:\/\/www.youtube.com\/embed\/6HP3BTx_E9o?feature=oembed\" frameborder=\"0\" allow=\"accelerometer; autoplay; clipboard-write; encrypted-media; gyroscope; picture-in-picture; web-share\" referrerpolicy=\"strict-origin-when-cross-origin\" allowfullscreen><\/iframe>\n<\/div><\/figure>\n<\/div>\n\n\n\n<div class=\"wp-block-column is-layout-flow wp-block-column-is-layout-flow\">\n<figure class=\"wp-block-embed is-type-video is-provider-youtube wp-block-embed-youtube wp-embed-aspect-16-9 wp-has-aspect-ratio\"><div class=\"wp-block-embed__wrapper\">\n<iframe loading=\"lazy\" title=\"Step 1 Identify Oscar (part 1)\" width=\"500\" height=\"281\" src=\"https:\/\/www.youtube.com\/embed\/HgID2Q0CEiI?feature=oembed\" frameborder=\"0\" allow=\"accelerometer; autoplay; clipboard-write; encrypted-media; gyroscope; picture-in-picture; web-share\" referrerpolicy=\"strict-origin-when-cross-origin\" allowfullscreen><\/iframe>\n<\/div><\/figure>\n<\/div>\n<\/div>\n\n\n\n<div class=\"wp-block-columns is-layout-flex wp-container-core-columns-is-layout-28f84493 wp-block-columns-is-layout-flex\">\n<div class=\"wp-block-column is-layout-flow wp-block-column-is-layout-flow\">\n<figure class=\"wp-block-embed is-type-video is-provider-youtube wp-block-embed-youtube wp-embed-aspect-16-9 wp-has-aspect-ratio\"><div class=\"wp-block-embed__wrapper\">\n<iframe loading=\"lazy\" title=\"Step1 Identify OSCAR (part 2)\" width=\"500\" height=\"281\" src=\"https:\/\/www.youtube.com\/embed\/Pur4jl2jUmU?feature=oembed\" frameborder=\"0\" allow=\"accelerometer; autoplay; clipboard-write; encrypted-media; gyroscope; picture-in-picture; web-share\" referrerpolicy=\"strict-origin-when-cross-origin\" allowfullscreen><\/iframe>\n<\/div><\/figure>\n<\/div>\n\n\n\n<div class=\"wp-block-column is-layout-flow wp-block-column-is-layout-flow\">\n<figure class=\"wp-block-embed is-type-video is-provider-youtube wp-block-embed-youtube wp-embed-aspect-16-9 wp-has-aspect-ratio\"><div class=\"wp-block-embed__wrapper\">\n<iframe loading=\"lazy\" title=\"Step 2 Look &amp; Listen\" width=\"500\" height=\"281\" src=\"https:\/\/www.youtube.com\/embed\/8L52PoFZ55c?feature=oembed\" frameborder=\"0\" allow=\"accelerometer; autoplay; clipboard-write; encrypted-media; gyroscope; picture-in-picture; web-share\" referrerpolicy=\"strict-origin-when-cross-origin\" allowfullscreen><\/iframe>\n<\/div><\/figure>\n<\/div>\n<\/div>\n\n\n\n<div class=\"wp-block-columns is-layout-flex wp-container-core-columns-is-layout-28f84493 wp-block-columns-is-layout-flex\">\n<div class=\"wp-block-column is-layout-flow wp-block-column-is-layout-flow\">\n<figure class=\"wp-block-embed is-type-video is-provider-youtube wp-block-embed-youtube wp-embed-aspect-16-9 wp-has-aspect-ratio\"><div class=\"wp-block-embed__wrapper\">\n<iframe loading=\"lazy\" title=\"Step 3 CARR Check\" width=\"500\" height=\"281\" src=\"https:\/\/www.youtube.com\/embed\/sM-Mui4lDEU?feature=oembed\" frameborder=\"0\" allow=\"accelerometer; autoplay; clipboard-write; encrypted-media; gyroscope; picture-in-picture; web-share\" referrerpolicy=\"strict-origin-when-cross-origin\" allowfullscreen><\/iframe>\n<\/div><\/figure>\n<\/div>\n\n\n\n<div class=\"wp-block-column is-layout-flow wp-block-column-is-layout-flow\">\n<figure class=\"wp-block-embed is-type-video is-provider-youtube wp-block-embed-youtube wp-embed-aspect-16-9 wp-has-aspect-ratio\"><div class=\"wp-block-embed__wrapper\">\n<iframe loading=\"lazy\" title=\"Step 4 Shop Adjustments\" width=\"500\" height=\"281\" src=\"https:\/\/www.youtube.com\/embed\/pO-M9vUMjsE?feature=oembed\" frameborder=\"0\" allow=\"accelerometer; autoplay; clipboard-write; encrypted-media; gyroscope; picture-in-picture; web-share\" referrerpolicy=\"strict-origin-when-cross-origin\" allowfullscreen><\/iframe>\n<\/div><\/figure>\n<\/div>\n<\/div>\n\n\n\n<div class=\"wp-block-columns is-layout-flex wp-container-core-columns-is-layout-28f84493 wp-block-columns-is-layout-flex\">\n<div class=\"wp-block-column is-layout-flow wp-block-column-is-layout-flow\">\n<figure class=\"wp-block-embed is-type-video is-provider-youtube wp-block-embed-youtube wp-embed-aspect-16-9 wp-has-aspect-ratio\"><div class=\"wp-block-embed__wrapper\">\n<iframe loading=\"lazy\" title=\"Agile Teacher Thinking Wrap Up\" width=\"500\" height=\"281\" src=\"https:\/\/www.youtube.com\/embed\/mkh2HzllpYE?feature=oembed\" frameborder=\"0\" allow=\"accelerometer; autoplay; clipboard-write; encrypted-media; gyroscope; picture-in-picture; web-share\" referrerpolicy=\"strict-origin-when-cross-origin\" allowfullscreen><\/iframe>\n<\/div><\/figure>\n<\/div>\n\n\n\n<div class=\"wp-block-column is-layout-flow wp-block-column-is-layout-flow\"><\/div>\n<\/div>\n\n\n\n<p>Learn more about Objectives and Learning Goals through the Well Developed Classroom blog and materials.<br>Learn more about Starting Positions through our Well Developed Classroom blog on Formative Assessment.<br>Learn more about Criteria from our routine, Must Haves and Amazing Criteria.<br>Learn more about Action Patterns by exploring routines and elements.<br>Learn more about Reflection from our Well Developed Classroom blog on Self- Regulation.<\/p>\n\n\n\n<p>Learn how to implement individual and group learning routines that provide teachers opportunities to look and listen.<\/p>\n\n\n\n<p><\/p>\n\n\n\n<p><\/p>\n\n\n\n<p>Learn more about this approach to differentiated instruction through the book (translated into Portuguese):<br>Bondie, R., &amp; Zusho, A. (2018). <em>Differentiated Instruction Made Practical: Engaging the Extremes Through Classroom Routines<\/em>. Routledge.<br>Bondie, R., &amp; Zusho, A. (2023). Diferencia\u00e7\u00e3o Pedag\u00f3gica na Pr\u00e1tica: Rotinas para Engajar Todos os Alunos. Penso Editora.<\/p>\n\n\n\n<figure class=\"wp-block-image size-full is-resized\"><img loading=\"lazy\" decoding=\"async\" width=\"1345\" height=\"195\" src=\"https:\/\/agileteacherlab.org\/wp-content\/uploads\/2024\/11\/Related-Blogs_.png\" alt=\"Related Blogs:\" class=\"wp-image-3048\" style=\"width:auto;height:25px\" srcset=\"https:\/\/agileteacherlab.org\/wp-content\/uploads\/2024\/11\/Related-Blogs_.png 1345w, https:\/\/agileteacherlab.org\/wp-content\/uploads\/2024\/11\/Related-Blogs_-300x43.png 300w, https:\/\/agileteacherlab.org\/wp-content\/uploads\/2024\/11\/Related-Blogs_-1024x148.png 1024w, https:\/\/agileteacherlab.org\/wp-content\/uploads\/2024\/11\/Related-Blogs_-768x111.png 768w\" sizes=\"auto, (max-width: 1345px) 100vw, 1345px\" \/><\/figure>\n\n\n\n<div class=\"wp-block-columns is-layout-flex wp-container-core-columns-is-layout-28f84493 wp-block-columns-is-layout-flex\">\n<div class=\"wp-block-column is-layout-flow wp-block-column-is-layout-flow\">\n<figure class=\"wp-block-embed is-type-wp-embed is-provider-agile-teacher-lab wp-block-embed-agile-teacher-lab\"><div class=\"wp-block-embed__wrapper\">\n<blockquote class=\"wp-embedded-content\" data-secret=\"xXpHq9SesH\"><a href=\"https:\/\/agileteacherlab.org\/index.php\/2024\/10\/16\/everyday-differentiated-instruction-using-supports-and-extensions-to-increase-student-achievement\/\">Everyday Differentiated Instruction:\u00a0Using Supports and Extensions to Increase Student Achievement<\/a><\/blockquote><iframe loading=\"lazy\" class=\"wp-embedded-content\" sandbox=\"allow-scripts\" security=\"restricted\" style=\"position: absolute; visibility: hidden;\" title=\"&#8220;Everyday Differentiated Instruction:\u00a0Using Supports and Extensions to Increase Student Achievement&#8221; &#8212; Agile Teacher Lab\" src=\"https:\/\/agileteacherlab.org\/index.php\/2024\/10\/16\/everyday-differentiated-instruction-using-supports-and-extensions-to-increase-student-achievement\/embed\/#?secret=LRPh9Q8q7j#?secret=xXpHq9SesH\" data-secret=\"xXpHq9SesH\" width=\"500\" height=\"282\" frameborder=\"0\" marginwidth=\"0\" marginheight=\"0\" scrolling=\"no\"><\/iframe>\n<\/div><\/figure>\n<\/div>\n\n\n\n<div class=\"wp-block-column is-layout-flow wp-block-column-is-layout-flow\">\n<figure class=\"wp-block-embed is-type-wp-embed is-provider-agile-teacher-lab wp-block-embed-agile-teacher-lab\"><div class=\"wp-block-embed__wrapper\">\n<blockquote class=\"wp-embedded-content\" data-secret=\"Sa7zEi1Gpc\"><a href=\"https:\/\/agileteacherlab.org\/index.php\/2024\/10\/16\/instructional-reading-strategy-toolkit\/\">Instructional Reading Strategy Toolkit<\/a><\/blockquote><iframe loading=\"lazy\" class=\"wp-embedded-content\" sandbox=\"allow-scripts\" security=\"restricted\" style=\"position: absolute; visibility: hidden;\" title=\"&#8220;Instructional Reading Strategy Toolkit&#8221; &#8212; Agile Teacher Lab\" src=\"https:\/\/agileteacherlab.org\/index.php\/2024\/10\/16\/instructional-reading-strategy-toolkit\/embed\/#?secret=tpzNzKPIs0#?secret=Sa7zEi1Gpc\" data-secret=\"Sa7zEi1Gpc\" width=\"500\" height=\"282\" frameborder=\"0\" marginwidth=\"0\" marginheight=\"0\" scrolling=\"no\"><\/iframe>\n<\/div><\/figure>\n<\/div>\n<\/div>\n\n\n\n<p><\/p>\n","protected":false},"excerpt":{"rendered":"<p>Differentiated Instruction is the outcome of teachers&#8217; continuous decision-making process. Where teachers search for academic diversity that will either strengthen or impede effective, meaningful, and efficient learning, and then adjust instruction to ensure clarity, access, rigor, and relevance (CARR) for all learners. Our approach to differentiated instruction is rooted in motivation and cognitive sciences and [&hellip;]<\/p>\n","protected":false},"author":2,"featured_media":0,"parent":199,"menu_order":0,"comment_status":"closed","ping_status":"closed","template":"","meta":{"footnotes":""},"class_list":["post-201","page","type-page","status-publish","hentry"],"_links":{"self":[{"href":"https:\/\/agileteacherlab.org\/index.php\/wp-json\/wp\/v2\/pages\/201","targetHints":{"allow":["GET"]}}],"collection":[{"href":"https:\/\/agileteacherlab.org\/index.php\/wp-json\/wp\/v2\/pages"}],"about":[{"href":"https:\/\/agileteacherlab.org\/index.php\/wp-json\/wp\/v2\/types\/page"}],"author":[{"embeddable":true,"href":"https:\/\/agileteacherlab.org\/index.php\/wp-json\/wp\/v2\/users\/2"}],"replies":[{"embeddable":true,"href":"https:\/\/agileteacherlab.org\/index.php\/wp-json\/wp\/v2\/comments?post=201"}],"version-history":[{"count":23,"href":"https:\/\/agileteacherlab.org\/index.php\/wp-json\/wp\/v2\/pages\/201\/revisions"}],"predecessor-version":[{"id":3182,"href":"https:\/\/agileteacherlab.org\/index.php\/wp-json\/wp\/v2\/pages\/201\/revisions\/3182"}],"up":[{"embeddable":true,"href":"https:\/\/agileteacherlab.org\/index.php\/wp-json\/wp\/v2\/pages\/199"}],"wp:attachment":[{"href":"https:\/\/agileteacherlab.org\/index.php\/wp-json\/wp\/v2\/media?parent=201"}],"curies":[{"name":"wp","href":"https:\/\/api.w.org\/{rel}","templated":true}]}}